{"id":6,"date":"2014-04-04T09:10:19","date_gmt":"2014-04-04T07:10:19","guid":{"rendered":"http:\/\/www.mitzlaff.info\/wordpress\/?page_id=6"},"modified":"2017-10-05T14:00:05","modified_gmt":"2017-10-05T12:00:05","slug":"about-us","status":"publish","type":"page","link":"https:\/\/www.mitzlaff.info\/","title":{"rendered":"\u00dcber uns"},"content":{"rendered":"<div class=\"about_us_img\">\n<p><a href=\"https:\/\/i0.wp.com\/www.mitzlaff.info\/wp-content\/uploads\/2014\/04\/Logo-gross-mit-Text-transparent.png?ssl=1\"><img data-recalc-dims=\"1\" loading=\"lazy\" decoding=\"async\" data-attachment-id=\"47\" data-permalink=\"https:\/\/www.mitzlaff.info\/?attachment_id=47\" data-orig-file=\"https:\/\/i0.wp.com\/www.mitzlaff.info\/wp-content\/uploads\/2014\/04\/Logo-gross-mit-Text-transparent.png?fit=1598%2C782&amp;ssl=1\" data-orig-size=\"1598,782\" data-comments-opened=\"1\" data-image-meta=\"{&quot;aperture&quot;:&quot;0&quot;,&quot;credit&quot;:&quot;&quot;,&quot;camera&quot;:&quot;&quot;,&quot;caption&quot;:&quot;&quot;,&quot;created_timestamp&quot;:&quot;0&quot;,&quot;copyright&quot;:&quot;&quot;,&quot;focal_length&quot;:&quot;0&quot;,&quot;iso&quot;:&quot;0&quot;,&quot;shutter_speed&quot;:&quot;0&quot;,&quot;title&quot;:&quot;&quot;}\" data-image-title=\"Logo gross mit Text transparent\" data-image-description=\"\" data-image-caption=\"\" data-medium-file=\"https:\/\/i0.wp.com\/www.mitzlaff.info\/wp-content\/uploads\/2014\/04\/Logo-gross-mit-Text-transparent.png?fit=300%2C146&amp;ssl=1\" data-large-file=\"https:\/\/i0.wp.com\/www.mitzlaff.info\/wp-content\/uploads\/2014\/04\/Logo-gross-mit-Text-transparent.png?fit=640%2C313&amp;ssl=1\" class=\"aligncenter wp-image-47 size-full\" src=\"https:\/\/i0.wp.com\/www.mitzlaff.info\/wp-content\/uploads\/2014\/04\/Logo-gross-mit-Text-transparent.png?resize=640%2C313&#038;ssl=1\" alt=\"\" width=\"640\" height=\"313\" srcset=\"https:\/\/i0.wp.com\/www.mitzlaff.info\/wp-content\/uploads\/2014\/04\/Logo-gross-mit-Text-transparent.png?w=1598&amp;ssl=1 1598w, https:\/\/i0.wp.com\/www.mitzlaff.info\/wp-content\/uploads\/2014\/04\/Logo-gross-mit-Text-transparent.png?resize=300%2C146&amp;ssl=1 300w, https:\/\/i0.wp.com\/www.mitzlaff.info\/wp-content\/uploads\/2014\/04\/Logo-gross-mit-Text-transparent.png?resize=1024%2C501&amp;ssl=1 1024w, https:\/\/i0.wp.com\/www.mitzlaff.info\/wp-content\/uploads\/2014\/04\/Logo-gross-mit-Text-transparent.png?resize=150%2C73&amp;ssl=1 150w, https:\/\/i0.wp.com\/www.mitzlaff.info\/wp-content\/uploads\/2014\/04\/Logo-gross-mit-Text-transparent.png?w=1280&amp;ssl=1 1280w\" sizes=\"auto, (max-width: 640px) 100vw, 640px\" \/><\/a><\/p>\n<\/div>\n<p>Herzlich Willkommen auf der Webseite der Industrievertretung Mitzlaff. Bei uns dreht sich alles um das Thema &#8222;W\u00e4rme rund ums Haus&#8220;. Wir beraten, erstellen individuelle Angeboten nach Kundenwunsch und k\u00fcmmern uns darum, dass es in den eigenen W\u00e4nden immer wohlig warm ist. Wir f\u00fchren ausschlie\u00dflich Produkte von namhaften innovativen Hersteller aus dem Bereich der Geb\u00e4udetechnik.\u00a0Wir besuchen regelm\u00e4\u00dfig unsere Ansprechpartner beim Fachgro\u00dfhandel, den planenden Ingenieuren oder auch im Fachhandwerk. Ebenso stehen wir Bauherren und Architekten wie auch den Mitarbeitern der Wohnwirtschaft mit Rat und Tat zur Seite.<\/p>\n<p>Wenn Sie Fragen, W\u00fcnsche oder Anregungen haben scheuen Sie sich nicht uns direkt zu kontaktieren. Wir nehmen uns dann kurzfristig der Sache an und versuchen eine optimale L\u00f6sung\u00a0zu finden. Nutzen Sie daf\u00fcr unser Kontaktformular auf der Kontakt Seite unserer Webpr\u00e4senz.<\/p>\n","protected":false},"excerpt":{"rendered":"<p>Herzlich Willkommen auf der Webseite der Industrievertretung Mitzlaff. Bei uns dreht sich alles um das Thema &#8222;W\u00e4rme rund ums Haus&#8220;. Wir beraten, erstellen individuelle Angeboten nach Kundenwunsch und k\u00fcmmern uns darum, dass es in den eigenen W\u00e4nden immer wohlig warm ist. Wir f\u00fchren ausschlie\u00dflich Produkte von namhaften innovativen Hersteller aus dem Bereich der Geb\u00e4udetechnik.\u00a0Wir besuchen&#8230;<\/p>\n","protected":false},"author":1,"featured_media":0,"parent":0,"menu_order":0,"comment_status":"closed","ping_status":"closed","template":"template-fullwidth.php","meta":{"jetpack_post_was_ever_published":false,"footnotes":""},"class_list":["post-6","page","type-page","status-publish","hentry"],"jetpack_sharing_enabled":true,"jetpack_shortlink":"https:\/\/wp.me\/P9rCFk-6","jetpack_likes_enabled":true,"jetpack-related-posts":[],"_links":{"self":[{"href":"https:\/\/www.mitzlaff.info\/index.php?rest_route=\/wp\/v2\/pages\/6","targetHints":{"allow":["GET"]}}],"collection":[{"href":"https:\/\/www.mitzlaff.info\/index.php?rest_route=\/wp\/v2\/pages"}],"about":[{"href":"https:\/\/www.mitzlaff.info\/index.php?rest_route=\/wp\/v2\/types\/page"}],"author":[{"embeddable":true,"href":"https:\/\/www.mitzlaff.info\/index.php?rest_route=\/wp\/v2\/users\/1"}],"replies":[{"embeddable":true,"href":"https:\/\/www.mitzlaff.info\/index.php?rest_route=%2Fwp%2Fv2%2Fcomments&post=6"}],"version-history":[{"count":7,"href":"https:\/\/www.mitzlaff.info\/index.php?rest_route=\/wp\/v2\/pages\/6\/revisions"}],"predecessor-version":[{"id":171,"href":"https:\/\/www.mitzlaff.info\/index.php?rest_route=\/wp\/v2\/pages\/6\/revisions\/171"}],"wp:attachment":[{"href":"https:\/\/www.mitzlaff.info\/index.php?rest_route=%2Fwp%2Fv2%2Fmedia&parent=6"}],"curies":[{"name":"wp","href":"https:\/\/api.w.org\/{rel}","templated":true}]}}