{"id":2,"date":"2014-03-20T12:48:28","date_gmt":"2014-03-20T10:48:28","guid":{"rendered":"http:\/\/www.mitzlaff.info\/wordpress\/?page_id=2"},"modified":"2020-03-05T12:21:11","modified_gmt":"2020-03-05T10:21:11","slug":"beispiel-seite","status":"publish","type":"page","link":"https:\/\/www.mitzlaff.info\/?page_id=2","title":{"rendered":"Impressum"},"content":{"rendered":"<p>Wir freuen uns \u00fcber Ihren Besuch auf dieser Website und Ihr Interesse an unseren Produkten. Bei R\u00fcckfragen und Anregungen k\u00f6nnen Sie uns gerne jederzeit kontaktieren. Anbei finden sie die Angaben zur dieser Internetseite nach \u00a76 TDG und \u00a710 MDStV:<\/p>\n<h4><b>Anbieter und Betreiber der Internetseiten<\/b><\/h4>\n<p>Industrievertretung Mitzlaff<br \/>\nRalf Mitzlaff<br \/>\nFronhoven 97<br \/>\n52249 Eschweiler<\/p>\n<p>Telefon: +49 (0)2403 \/ 979525<br \/>\nFax: +49 (0)2403 \/ 979524<br \/>\neMail: <a href=\"mailto:info@mitzlaff.info\">info@mitzlaff.info<\/a><\/p>\n<h4>Inhaltlich Verantwortlicher gem. \u00a7 55 II RStV:<\/h4>\n<p>Ralf Mitzlaff (Anschrift s.o.)<\/p>\n<h4>Copyright<\/h4>\n<p>Alle Rechte vorbehalten.\u00a0Die Urheberrechte an dieser Website liegen vollst\u00e4ndig bei der Ralf Mitzlaff Industrievertretung.<\/p>\n<h4>Technische Umsetzung:<\/h4>\n<p>mcconn.de &#8211; Marcel Cuvelier<br \/>\nIT- und Kommunikationsdienstleistungen<br \/>\neMail: <a href=\"mailto:info@mcconn.de\">info@mcconn.de<\/a><br \/>\nURL: <a href=\"https:\/\/mcconn.de\" target=\"_blank\" rel=\"noopener noreferrer\">mcconn.de<\/a><\/p>\n","protected":false},"excerpt":{"rendered":"<p>Wir freuen uns \u00fcber Ihren Besuch auf dieser Website und Ihr Interesse an unseren Produkten. Bei R\u00fcckfragen und Anregungen k\u00f6nnen Sie uns gerne jederzeit kontaktieren. Anbei finden sie die Angaben zur dieser Internetseite nach \u00a76 TDG und \u00a710 MDStV: Anbieter und Betreiber der Internetseiten Industrievertretung Mitzlaff Ralf Mitzlaff Fronhoven 97 52249 Eschweiler Telefon: +49 (0)2403&#8230;<\/p>\n","protected":false},"author":1,"featured_media":0,"parent":0,"menu_order":999,"comment_status":"closed","ping_status":"closed","template":"","meta":{"jetpack_post_was_ever_published":false,"footnotes":""},"class_list":["post-2","page","type-page","status-publish","hentry"],"jetpack_sharing_enabled":false,"jetpack_shortlink":"https:\/\/wp.me\/P9rCFk-2","jetpack_likes_enabled":true,"jetpack-related-posts":[],"_links":{"self":[{"href":"https:\/\/www.mitzlaff.info\/index.php?rest_route=\/wp\/v2\/pages\/2","targetHints":{"allow":["GET"]}}],"collection":[{"href":"https:\/\/www.mitzlaff.info\/index.php?rest_route=\/wp\/v2\/pages"}],"about":[{"href":"https:\/\/www.mitzlaff.info\/index.php?rest_route=\/wp\/v2\/types\/page"}],"author":[{"embeddable":true,"href":"https:\/\/www.mitzlaff.info\/index.php?rest_route=\/wp\/v2\/users\/1"}],"replies":[{"embeddable":true,"href":"https:\/\/www.mitzlaff.info\/index.php?rest_route=%2Fwp%2Fv2%2Fcomments&post=2"}],"version-history":[{"count":13,"href":"https:\/\/www.mitzlaff.info\/index.php?rest_route=\/wp\/v2\/pages\/2\/revisions"}],"predecessor-version":[{"id":304,"href":"https:\/\/www.mitzlaff.info\/index.php?rest_route=\/wp\/v2\/pages\/2\/revisions\/304"}],"wp:attachment":[{"href":"https:\/\/www.mitzlaff.info\/index.php?rest_route=%2Fwp%2Fv2%2Fmedia&parent=2"}],"curies":[{"name":"wp","href":"https:\/\/api.w.org\/{rel}","templated":true}]}}